{"id":1634,"date":"2020-05-07T10:40:44","date_gmt":"2020-05-07T08:40:44","guid":{"rendered":"https:\/\/flooringconsultancy.se\/?page_id=1634"},"modified":"2020-05-07T15:09:00","modified_gmt":"2020-05-07T13:09:00","slug":"villkor","status":"publish","type":"page","link":"https:\/\/flooringconsultancy.se\/sv\/villkor\/","title":{"rendered":"villkor"},"content":{"rendered":"\t\t<div data-elementor-type=\"wp-post\" data-elementor-id=\"1634\" class=\"elementor elementor-1634\">\n\t\t\t\t\t\t<section class=\"elementor-section elementor-top-section elementor-element elementor-element-c8fdf36 elementor-section-boxed elementor-section-height-default elementor-section-height-default\" data-id=\"c8fdf36\" data-element_type=\"section\" data-e-type=\"section\" data-settings=\"{&quot;background_background&quot;:&quot;classic&quot;}\">\n\t\t\t\t\t\t<div class=\"elementor-container elementor-column-gap-default\">\n\t\t\t\t\t<div class=\"elementor-column elementor-col-100 elementor-top-column elementor-element elementor-element-d048d4c\" data-id=\"d048d4c\" data-element_type=\"column\" data-e-type=\"column\">\n\t\t\t<div class=\"elementor-widget-wrap elementor-element-populated\">\n\t\t\t\t\t\t<div class=\"elementor-element elementor-element-6661c1b elementor-widget elementor-widget-spacer\" data-id=\"6661c1b\" data-element_type=\"widget\" data-e-type=\"widget\" data-widget_type=\"spacer.default\">\n\t\t\t\t<div class=\"elementor-widget-container\">\n\t\t\t\t\t\t\t<div class=\"elementor-spacer\">\n\t\t\t<div class=\"elementor-spacer-inner\"><\/div>\n\t\t<\/div>\n\t\t\t\t\t\t<\/div>\n\t\t\t\t<\/div>\n\t\t\t\t<div class=\"elementor-element elementor-element-a525fbd elementor-widget elementor-widget-spacer\" data-id=\"a525fbd\" data-element_type=\"widget\" data-e-type=\"widget\" data-widget_type=\"spacer.default\">\n\t\t\t\t<div class=\"elementor-widget-container\">\n\t\t\t\t\t\t\t<div class=\"elementor-spacer\">\n\t\t\t<div class=\"elementor-spacer-inner\"><\/div>\n\t\t<\/div>\n\t\t\t\t\t\t<\/div>\n\t\t\t\t<\/div>\n\t\t\t\t\t<\/div>\n\t\t<\/div>\n\t\t\t\t\t<\/div>\n\t\t<\/section>\n\t\t\t\t<section class=\"elementor-section elementor-top-section elementor-element elementor-element-0ca4c04 elementor-section-boxed elementor-section-height-default elementor-section-height-default\" data-id=\"0ca4c04\" data-element_type=\"section\" data-e-type=\"section\" data-settings=\"{&quot;background_background&quot;:&quot;classic&quot;}\">\n\t\t\t\t\t\t<div class=\"elementor-container elementor-column-gap-default\">\n\t\t\t\t\t<div class=\"elementor-column elementor-col-100 elementor-top-column elementor-element elementor-element-64dd93c\" data-id=\"64dd93c\" data-element_type=\"column\" data-e-type=\"column\">\n\t\t\t<div class=\"elementor-widget-wrap elementor-element-populated\">\n\t\t\t\t\t\t<div class=\"elementor-element elementor-element-1156ca3 elementor-widget elementor-widget-spacer\" data-id=\"1156ca3\" data-element_type=\"widget\" data-e-type=\"widget\" data-widget_type=\"spacer.default\">\n\t\t\t\t<div class=\"elementor-widget-container\">\n\t\t\t\t\t\t\t<div class=\"elementor-spacer\">\n\t\t\t<div class=\"elementor-spacer-inner\"><\/div>\n\t\t<\/div>\n\t\t\t\t\t\t<\/div>\n\t\t\t\t<\/div>\n\t\t\t\t\t<\/div>\n\t\t<\/div>\n\t\t\t\t\t<\/div>\n\t\t<\/section>\n\t\t\t\t<section class=\"elementor-section elementor-top-section elementor-element elementor-element-59ee30f elementor-section-boxed elementor-section-height-default elementor-section-height-default\" data-id=\"59ee30f\" data-element_type=\"section\" data-e-type=\"section\" data-settings=\"{&quot;background_background&quot;:&quot;classic&quot;}\">\n\t\t\t\t\t\t<div class=\"elementor-container elementor-column-gap-default\">\n\t\t\t\t\t<div class=\"elementor-column elementor-col-100 elementor-top-column elementor-element elementor-element-cee0ada\" data-id=\"cee0ada\" data-element_type=\"column\" data-e-type=\"column\" data-settings=\"{&quot;background_background&quot;:&quot;classic&quot;}\">\n\t\t\t<div class=\"elementor-widget-wrap elementor-element-populated\">\n\t\t\t\t\t\t<div class=\"elementor-element elementor-element-470f725 elementor-widget elementor-widget-heading\" data-id=\"470f725\" data-element_type=\"widget\" data-e-type=\"widget\" data-widget_type=\"heading.default\">\n\t\t\t\t<div class=\"elementor-widget-container\">\n\t\t\t\t\t<h2 class=\"elementor-heading-title elementor-size-default\">Allm\u00e4nna Uppdragsvillkor<\/h2>\t\t\t\t<\/div>\n\t\t\t\t<\/div>\n\t\t\t\t<div class=\"elementor-element elementor-element-9f8f7d4 elementor-widget elementor-widget-text-editor\" data-id=\"9f8f7d4\" data-element_type=\"widget\" data-e-type=\"widget\" data-widget_type=\"text-editor.default\">\n\t\t\t\t<div class=\"elementor-widget-container\">\n\t\t\t\t\t\t\t\t\t<p>Besiktningar, reklamationsutredningsuppdrag samt andra byggplatsrelaterade tj\u00e4nster utf\u00f6rs i enlighet med villkoren i <strong><em>ABK -09 (Allm\u00e4nna Best\u00e4mmelser f\u00f6r konsultuppdrag inom arkitekt- och Ingenj\u00f6rsverksamhet)<\/em><\/strong>.&nbsp;<\/p>\n<p>F\u00f6r industriella tj\u00e4nster, det vill s\u00e4ga produkt och tillverkningsrelaterade uppdrag, samt tj\u00e4nster relaterade till produkt\/milj\u00f6bed\u00f6mning etcetera utf\u00f6rs i enlighet med villkoren i <em><strong>NKL-07 (Allm\u00e4nna best\u00e4mmelser f\u00f6r konsultuppdrag p\u00e5 l\u00f6pande<\/strong><\/em><strong> r\u00e4kning)<\/strong>. I NKL-07: \u00a7 18 behandlas sekretess och sekretessf\u00f6rpliktelser.<\/p>\n<p>Vilket relevant regelverk enligt ovan som g\u00e4ller vid enskilda uppdrag anges i samband med att avtal ing\u00e5s\/ best\u00e4llning. I de fall villkor ej angivits i samband med best\u00e4llning, g\u00e4ller NKL-07 som standardvillkor.<\/p>\n<p>Flooring Consultancy Scandinavia AB (org. nr 559245-6999) innehar erforderlig f\u00f6retags och konsultansvarsf\u00f6rs\u00e4kring i enlighet med villkoren i ovanst\u00e5ende regelverk.&nbsp;<\/p>\t\t\t\t\t\t\t\t<\/div>\n\t\t\t\t<\/div>\n\t\t\t\t\t<\/div>\n\t\t<\/div>\n\t\t\t\t\t<\/div>\n\t\t<\/section>\n\t\t\t\t<section class=\"elementor-section elementor-top-section elementor-element elementor-element-5e9145a elementor-section-boxed elementor-section-height-default elementor-section-height-default\" data-id=\"5e9145a\" data-element_type=\"section\" data-e-type=\"section\" data-settings=\"{&quot;background_background&quot;:&quot;classic&quot;}\">\n\t\t\t\t\t\t<div class=\"elementor-container elementor-column-gap-default\">\n\t\t\t\t\t<div class=\"elementor-column elementor-col-100 elementor-top-column elementor-element elementor-element-83d56a8\" data-id=\"83d56a8\" data-element_type=\"column\" data-e-type=\"column\">\n\t\t\t<div class=\"elementor-widget-wrap elementor-element-populated\">\n\t\t\t\t\t\t<div class=\"elementor-element elementor-element-eef6426 elementor-widget elementor-widget-spacer\" data-id=\"eef6426\" data-element_type=\"widget\" data-e-type=\"widget\" data-widget_type=\"spacer.default\">\n\t\t\t\t<div class=\"elementor-widget-container\">\n\t\t\t\t\t\t\t<div class=\"elementor-spacer\">\n\t\t\t<div class=\"elementor-spacer-inner\"><\/div>\n\t\t<\/div>\n\t\t\t\t\t\t<\/div>\n\t\t\t\t<\/div>\n\t\t\t\t\t<\/div>\n\t\t<\/div>\n\t\t\t\t\t<\/div>\n\t\t<\/section>\n\t\t\t\t<\/div>\n\t\t","protected":false},"excerpt":{"rendered":"<p>Allm\u00e4nna Uppdragsvillkor Besiktningar, reklamationsutredningsuppdrag samt andra byggplatsrelaterade tj\u00e4nster utf\u00f6rs i enlighet med villkoren i ABK -09 (Allm\u00e4nna Best\u00e4mmelser f\u00f6r konsultuppdrag inom arkitekt- och Ingenj\u00f6rsverksamhet).&nbsp; F\u00f6r industriella tj\u00e4nster, det vill s\u00e4ga produkt och tillverkningsrelaterade uppdrag, samt tj\u00e4nster relaterade till produkt\/milj\u00f6bed\u00f6mning etcetera utf\u00f6rs i enlighet med villkoren i NKL-07 (Allm\u00e4nna best\u00e4mmelser f\u00f6r konsultuppdrag p\u00e5 l\u00f6pande r\u00e4kning). I &hellip;<\/p>\n<p class=\"read-more\"> <a class=\"\" href=\"https:\/\/flooringconsultancy.se\/sv\/villkor\/\"> <span class=\"screen-reader-text\">villkor<\/span> L\u00e4s mer &raquo;<\/a><\/p>\n","protected":false},"author":1,"featured_media":0,"parent":0,"menu_order":0,"comment_status":"closed","ping_status":"closed","template":"","meta":{"site-sidebar-layout":"no-sidebar","site-content-layout":"page-builder","ast-global-header-display":"","ast-banner-title-visibility":"","ast-main-header-display":"","ast-hfb-above-header-display":"","ast-hfb-below-header-display":"","ast-hfb-mobile-header-display":"","site-post-title":"disabled","ast-breadcrumbs-content":"","ast-featured-img":"disabled","footer-sml-layout":"","theme-transparent-header-meta":"default","adv-header-id-meta":"","stick-header-meta":"","header-above-stick-meta":"","header-main-stick-meta":"","header-below-stick-meta":"","footnotes":""},"class_list":["post-1634","page","type-page","status-publish","hentry"],"yoast_head":"<!-- This site is optimized with the Yoast SEO plugin v27.4 - https:\/\/yoast.com\/product\/yoast-seo-wordpress\/ -->\n<title>villkor - Flooring Consultancy Scandinavia AB<\/title>\n<meta name=\"description\" content=\"Peter Lindstr\u00f6m, konsult f\u00f6r allt inom Golvteknik och golvbesiktning \u00f6ver hela Norden\" \/>\n<meta name=\"robots\" content=\"index, follow, max-snippet:-1, max-image-preview:large, max-video-preview:-1\" \/>\n<link rel=\"canonical\" href=\"https:\/\/flooringconsultancy.se\/sv\/villkor\/\" \/>\n<meta property=\"og:locale\" content=\"sv_SE\" \/>\n<meta property=\"og:type\" content=\"article\" \/>\n<meta property=\"og:title\" content=\"villkor - Flooring Consultancy Scandinavia AB\" \/>\n<meta property=\"og:description\" content=\"Peter Lindstr\u00f6m, konsult f\u00f6r allt inom Golvteknik och golvbesiktning \u00f6ver hela Norden\" \/>\n<meta property=\"og:url\" content=\"https:\/\/flooringconsultancy.se\/sv\/villkor\/\" \/>\n<meta property=\"og:site_name\" content=\"Flooring Consultancy Scandinavia AB\" \/>\n<meta property=\"article:modified_time\" content=\"2020-05-07T13:09:00+00:00\" \/>\n<meta name=\"twitter:card\" content=\"summary_large_image\" \/>\n<meta name=\"twitter:label1\" content=\"Ber\u00e4knad l\u00e4stid\" \/>\n\t<meta name=\"twitter:data1\" content=\"1 minut\" \/>\n<script type=\"application\/ld+json\" class=\"yoast-schema-graph\">{\"@context\":\"https:\\\/\\\/schema.org\",\"@graph\":[{\"@type\":\"WebPage\",\"@id\":\"https:\\\/\\\/flooringconsultancy.se\\\/villkor\\\/\",\"url\":\"https:\\\/\\\/flooringconsultancy.se\\\/villkor\\\/\",\"name\":\"villkor - Flooring Consultancy Scandinavia AB\",\"isPartOf\":{\"@id\":\"https:\\\/\\\/flooringconsultancy.se\\\/#website\"},\"datePublished\":\"2020-05-07T08:40:44+00:00\",\"dateModified\":\"2020-05-07T13:09:00+00:00\",\"description\":\"Peter Lindstr\u00f6m, konsult f\u00f6r allt inom Golvteknik och golvbesiktning \u00f6ver hela Norden\",\"breadcrumb\":{\"@id\":\"https:\\\/\\\/flooringconsultancy.se\\\/villkor\\\/#breadcrumb\"},\"inLanguage\":\"sv-SE\",\"potentialAction\":[{\"@type\":\"ReadAction\",\"target\":[\"https:\\\/\\\/flooringconsultancy.se\\\/villkor\\\/\"]}]},{\"@type\":\"BreadcrumbList\",\"@id\":\"https:\\\/\\\/flooringconsultancy.se\\\/villkor\\\/#breadcrumb\",\"itemListElement\":[{\"@type\":\"ListItem\",\"position\":1,\"name\":\"Hem\",\"item\":\"https:\\\/\\\/flooringconsultancy.se\\\/\"},{\"@type\":\"ListItem\",\"position\":2,\"name\":\"villkor\"}]},{\"@type\":\"WebSite\",\"@id\":\"https:\\\/\\\/flooringconsultancy.se\\\/#website\",\"url\":\"https:\\\/\\\/flooringconsultancy.se\\\/\",\"name\":\"Flooring Consultancy Scandinavia AB\",\"description\":\"Peter Lindstr\u00f6m, konsult f\u00f6r allt inom Golvteknik och golvbesiktning \u00f6ver hela Norden\",\"publisher\":{\"@id\":\"https:\\\/\\\/flooringconsultancy.se\\\/#organization\"},\"potentialAction\":[{\"@type\":\"SearchAction\",\"target\":{\"@type\":\"EntryPoint\",\"urlTemplate\":\"https:\\\/\\\/flooringconsultancy.se\\\/?s={search_term_string}\"},\"query-input\":{\"@type\":\"PropertyValueSpecification\",\"valueRequired\":true,\"valueName\":\"search_term_string\"}}],\"inLanguage\":\"sv-SE\"},{\"@type\":\"Organization\",\"@id\":\"https:\\\/\\\/flooringconsultancy.se\\\/#organization\",\"name\":\"Flooring Consultancy Scandinavia AB\",\"url\":\"https:\\\/\\\/flooringconsultancy.se\\\/\",\"logo\":{\"@type\":\"ImageObject\",\"inLanguage\":\"sv-SE\",\"@id\":\"https:\\\/\\\/flooringconsultancy.se\\\/#\\\/schema\\\/logo\\\/image\\\/\",\"url\":\"https:\\\/\\\/flooringconsultancy.se\\\/wp-content\\\/uploads\\\/2020\\\/04\\\/Flooring-Consultancy_72-dpi.png\",\"contentUrl\":\"https:\\\/\\\/flooringconsultancy.se\\\/wp-content\\\/uploads\\\/2020\\\/04\\\/Flooring-Consultancy_72-dpi.png\",\"width\":401,\"height\":209,\"caption\":\"Flooring Consultancy Scandinavia AB\"},\"image\":{\"@id\":\"https:\\\/\\\/flooringconsultancy.se\\\/#\\\/schema\\\/logo\\\/image\\\/\"}}]}<\/script>\n<!-- \/ Yoast SEO plugin. -->","yoast_head_json":{"title":"villkor - Flooring Consultancy Scandinavia AB","description":"Peter Lindstr\u00f6m, konsult f\u00f6r allt inom Golvteknik och golvbesiktning \u00f6ver hela Norden","robots":{"index":"index","follow":"follow","max-snippet":"max-snippet:-1","max-image-preview":"max-image-preview:large","max-video-preview":"max-video-preview:-1"},"canonical":"https:\/\/flooringconsultancy.se\/sv\/villkor\/","og_locale":"sv_SE","og_type":"article","og_title":"villkor - Flooring Consultancy Scandinavia AB","og_description":"Peter Lindstr\u00f6m, konsult f\u00f6r allt inom Golvteknik och golvbesiktning \u00f6ver hela Norden","og_url":"https:\/\/flooringconsultancy.se\/sv\/villkor\/","og_site_name":"Flooring Consultancy Scandinavia AB","article_modified_time":"2020-05-07T13:09:00+00:00","twitter_card":"summary_large_image","twitter_misc":{"Ber\u00e4knad l\u00e4stid":"1 minut"},"schema":{"@context":"https:\/\/schema.org","@graph":[{"@type":"WebPage","@id":"https:\/\/flooringconsultancy.se\/villkor\/","url":"https:\/\/flooringconsultancy.se\/villkor\/","name":"villkor - Flooring Consultancy Scandinavia AB","isPartOf":{"@id":"https:\/\/flooringconsultancy.se\/#website"},"datePublished":"2020-05-07T08:40:44+00:00","dateModified":"2020-05-07T13:09:00+00:00","description":"Peter Lindstr\u00f6m, konsult f\u00f6r allt inom Golvteknik och golvbesiktning \u00f6ver hela Norden","breadcrumb":{"@id":"https:\/\/flooringconsultancy.se\/villkor\/#breadcrumb"},"inLanguage":"sv-SE","potentialAction":[{"@type":"ReadAction","target":["https:\/\/flooringconsultancy.se\/villkor\/"]}]},{"@type":"BreadcrumbList","@id":"https:\/\/flooringconsultancy.se\/villkor\/#breadcrumb","itemListElement":[{"@type":"ListItem","position":1,"name":"Hem","item":"https:\/\/flooringconsultancy.se\/"},{"@type":"ListItem","position":2,"name":"villkor"}]},{"@type":"WebSite","@id":"https:\/\/flooringconsultancy.se\/#website","url":"https:\/\/flooringconsultancy.se\/","name":"Flooring Consultancy Scandinavia AB","description":"Peter Lindstr\u00f6m, konsult f\u00f6r allt inom Golvteknik och golvbesiktning \u00f6ver hela Norden","publisher":{"@id":"https:\/\/flooringconsultancy.se\/#organization"},"potentialAction":[{"@type":"SearchAction","target":{"@type":"EntryPoint","urlTemplate":"https:\/\/flooringconsultancy.se\/?s={search_term_string}"},"query-input":{"@type":"PropertyValueSpecification","valueRequired":true,"valueName":"search_term_string"}}],"inLanguage":"sv-SE"},{"@type":"Organization","@id":"https:\/\/flooringconsultancy.se\/#organization","name":"Flooring Consultancy Scandinavia AB","url":"https:\/\/flooringconsultancy.se\/","logo":{"@type":"ImageObject","inLanguage":"sv-SE","@id":"https:\/\/flooringconsultancy.se\/#\/schema\/logo\/image\/","url":"https:\/\/flooringconsultancy.se\/wp-content\/uploads\/2020\/04\/Flooring-Consultancy_72-dpi.png","contentUrl":"https:\/\/flooringconsultancy.se\/wp-content\/uploads\/2020\/04\/Flooring-Consultancy_72-dpi.png","width":401,"height":209,"caption":"Flooring Consultancy Scandinavia AB"},"image":{"@id":"https:\/\/flooringconsultancy.se\/#\/schema\/logo\/image\/"}}]}},"_links":{"self":[{"href":"https:\/\/flooringconsultancy.se\/sv\/wp-json\/wp\/v2\/pages\/1634","targetHints":{"allow":["GET"]}}],"collection":[{"href":"https:\/\/flooringconsultancy.se\/sv\/wp-json\/wp\/v2\/pages"}],"about":[{"href":"https:\/\/flooringconsultancy.se\/sv\/wp-json\/wp\/v2\/types\/page"}],"author":[{"embeddable":true,"href":"https:\/\/flooringconsultancy.se\/sv\/wp-json\/wp\/v2\/users\/1"}],"replies":[{"embeddable":true,"href":"https:\/\/flooringconsultancy.se\/sv\/wp-json\/wp\/v2\/comments?post=1634"}],"version-history":[{"count":16,"href":"https:\/\/flooringconsultancy.se\/sv\/wp-json\/wp\/v2\/pages\/1634\/revisions"}],"predecessor-version":[{"id":1676,"href":"https:\/\/flooringconsultancy.se\/sv\/wp-json\/wp\/v2\/pages\/1634\/revisions\/1676"}],"wp:attachment":[{"href":"https:\/\/flooringconsultancy.se\/sv\/wp-json\/wp\/v2\/media?parent=1634"}],"curies":[{"name":"wp","href":"https:\/\/api.w.org\/{rel}","templated":true}]}}