{"id":20,"date":"2018-02-12T14:47:11","date_gmt":"2018-02-12T14:47:11","guid":{"rendered":"https:\/\/flooringconsultancy.se\/about\/"},"modified":"2020-05-15T13:35:22","modified_gmt":"2020-05-15T11:35:22","slug":"about","status":"publish","type":"page","link":"https:\/\/flooringconsultancy.se\/sv\/about\/","title":{"rendered":"Om Oss"},"content":{"rendered":"\t\t<div data-elementor-type=\"wp-post\" data-elementor-id=\"20\" class=\"elementor elementor-20\">\n\t\t\t\t\t\t<section class=\"elementor-section elementor-top-section elementor-element elementor-element-4077da5b elementor-section-content-bottom elementor-section-boxed elementor-section-height-default elementor-section-height-default\" data-id=\"4077da5b\" data-element_type=\"section\" data-e-type=\"section\" data-settings=\"{&quot;background_background&quot;:&quot;classic&quot;}\">\n\t\t\t\t\t\t\t<div class=\"elementor-background-overlay\"><\/div>\n\t\t\t\t\t\t\t<div class=\"elementor-container elementor-column-gap-extended\">\n\t\t\t\t\t<div class=\"elementor-column elementor-col-100 elementor-top-column elementor-element elementor-element-599a9678\" data-id=\"599a9678\" data-element_type=\"column\" data-e-type=\"column\">\n\t\t\t<div class=\"elementor-widget-wrap elementor-element-populated\">\n\t\t\t\t\t\t<div class=\"elementor-element elementor-element-7f43309a elementor-widget elementor-widget-heading\" data-id=\"7f43309a\" data-element_type=\"widget\" data-e-type=\"widget\" data-widget_type=\"heading.default\">\n\t\t\t\t<div class=\"elementor-widget-container\">\n\t\t\t\t\t<h1 class=\"elementor-heading-title elementor-size-default\">Kort om oss<\/h1>\t\t\t\t<\/div>\n\t\t\t\t<\/div>\n\t\t\t\t\t<\/div>\n\t\t<\/div>\n\t\t\t\t\t<\/div>\n\t\t<\/section>\n\t\t\t\t<section class=\"elementor-section elementor-top-section elementor-element elementor-element-5372aa39 elementor-section-content-middle elementor-section-boxed elementor-section-height-default elementor-section-height-default\" data-id=\"5372aa39\" data-element_type=\"section\" data-e-type=\"section\" data-settings=\"{&quot;background_background&quot;:&quot;classic&quot;}\">\n\t\t\t\t\t\t<div class=\"elementor-container elementor-column-gap-extended\">\n\t\t\t\t\t<div class=\"elementor-column elementor-col-100 elementor-top-column elementor-element elementor-element-161ee3c8\" data-id=\"161ee3c8\" data-element_type=\"column\" data-e-type=\"column\">\n\t\t\t<div class=\"elementor-widget-wrap elementor-element-populated\">\n\t\t\t\t\t\t<section class=\"elementor-section elementor-inner-section elementor-element elementor-element-0eb1db8 elementor-section-boxed elementor-section-height-default elementor-section-height-default\" data-id=\"0eb1db8\" data-element_type=\"section\" data-e-type=\"section\" data-settings=\"{&quot;background_background&quot;:&quot;classic&quot;}\">\n\t\t\t\t\t\t<div class=\"elementor-container elementor-column-gap-default\">\n\t\t\t\t\t<div class=\"elementor-column elementor-col-100 elementor-inner-column elementor-element elementor-element-64b3baf\" data-id=\"64b3baf\" data-element_type=\"column\" data-e-type=\"column\">\n\t\t\t<div class=\"elementor-widget-wrap elementor-element-populated\">\n\t\t\t\t\t\t<div class=\"elementor-element elementor-element-cbb1561 elementor-widget elementor-widget-heading\" data-id=\"cbb1561\" data-element_type=\"widget\" data-e-type=\"widget\" data-widget_type=\"heading.default\">\n\t\t\t\t<div class=\"elementor-widget-container\">\n\t\t\t\t\t<h2 class=\"elementor-heading-title elementor-size-default\">Om..<\/h2>\t\t\t\t<\/div>\n\t\t\t\t<\/div>\n\t\t\t\t<div class=\"elementor-element elementor-element-1853306 elementor-widget elementor-widget-text-editor\" data-id=\"1853306\" data-element_type=\"widget\" data-e-type=\"widget\" data-widget_type=\"text-editor.default\">\n\t\t\t\t<div class=\"elementor-widget-container\">\n\t\t\t\t\t\t\t\t\t<p style=\"text-align: left;\"><strong>Flooring Consultancy Scandinavia AB<\/strong> \u00e4r ett konsultbolag med bas i Stockholm f\u00f6r allt inom Golvteknik som med l\u00e5ng,\u00a0 bred och internationell branscherfarenhet erbjuder tekniska servicetj\u00e4nster med hela Norden som arbetsf\u00e4lt. V\u00e5r kundbas \u00e4r\u00a0 dels\u00a0<em>Industrin<\/em>&#8211; det vill s\u00e4ga golv \/\u00a0 materialtillverkare och golvleverant\u00f6rer och dels\u00a0<em>Kommersiell sektor, <\/em>det vill s\u00e4ga exempelvis golventrepren\u00f6rer, fastighets\u00e4gare, byggare, bostadsr\u00e4ttsf\u00f6reningar med flera . F\u00f6r dessa &#8221;f\u00f6retagskunder&#8221;\u00a0<span style=\"font-size: 14px; font-style: normal; font-weight: 400; background-color: transparent;\">utf\u00f6r vi\u00a0 \u00a0konsultuppdrag inom allt fr\u00e5n tekniska besiktningar till teknisk s\u00e4ljsupport, teknisk dokumentation och produktutveckling f\u00f6r golvbranschens alla f\u00f6retagsakt\u00f6rer med hela Norden som huvudsakligt arbetsomr\u00e5de.\u00a0<\/span><span style=\"font-size: 14px; background-color: transparent;\">Vi arbetar \u00e4ven mot &#8221;privatkonsumenter&#8221;\u00a0 d\u00e4r vi \u00e4r utsedda och godk\u00e4nda av Golvbranschens Riksorganisation att utf\u00f6ra opartiska s\u00e5 kallade GBR golvbesiktningar<\/span><span style=\"font-size: 14px; background-color: transparent;\">\u00a0f\u00f6r konsumentsektorn i Sverige vid reklamationstvister etcetera..<\/span><\/p>\t\t\t\t\t\t\t\t<\/div>\n\t\t\t\t<\/div>\n\t\t\t\t\t<\/div>\n\t\t<\/div>\n\t\t\t\t\t<\/div>\n\t\t<\/section>\n\t\t\t\t<div class=\"elementor-element elementor-element-49c00f2 elementor-widget elementor-widget-spacer\" data-id=\"49c00f2\" data-element_type=\"widget\" data-e-type=\"widget\" data-widget_type=\"spacer.default\">\n\t\t\t\t<div class=\"elementor-widget-container\">\n\t\t\t\t\t\t\t<div class=\"elementor-spacer\">\n\t\t\t<div class=\"elementor-spacer-inner\"><\/div>\n\t\t<\/div>\n\t\t\t\t\t\t<\/div>\n\t\t\t\t<\/div>\n\t\t\t\t<section class=\"elementor-section elementor-inner-section elementor-element elementor-element-dff20c2 elementor-section-boxed elementor-section-height-default elementor-section-height-default\" data-id=\"dff20c2\" data-element_type=\"section\" data-e-type=\"section\" data-settings=\"{&quot;background_background&quot;:&quot;classic&quot;}\">\n\t\t\t\t\t\t\t<div class=\"elementor-background-overlay\"><\/div>\n\t\t\t\t\t\t\t<div class=\"elementor-container elementor-column-gap-default\">\n\t\t\t\t\t<div class=\"elementor-column elementor-col-100 elementor-inner-column elementor-element elementor-element-b90506b\" data-id=\"b90506b\" data-element_type=\"column\" data-e-type=\"column\" data-settings=\"{&quot;background_background&quot;:&quot;gradient&quot;}\">\n\t\t\t<div class=\"elementor-widget-wrap elementor-element-populated\">\n\t\t\t\t\t\t<div class=\"elementor-element elementor-element-1d2d7db elementor-widget elementor-widget-heading\" data-id=\"1d2d7db\" data-element_type=\"widget\" data-e-type=\"widget\" data-widget_type=\"heading.default\">\n\t\t\t\t<div class=\"elementor-widget-container\">\n\t\t\t\t\t<h2 class=\"elementor-heading-title elementor-size-default\">Vision och m\u00e5l<\/h2>\t\t\t\t<\/div>\n\t\t\t\t<\/div>\n\t\t\t\t<div class=\"elementor-element elementor-element-49eaa9d elementor-widget elementor-widget-text-editor\" data-id=\"49eaa9d\" data-element_type=\"widget\" data-e-type=\"widget\" data-widget_type=\"text-editor.default\">\n\t\t\t\t<div class=\"elementor-widget-container\">\n\t\t\t\t\t\t\t\t\t<p>Att med god etik och h\u00f6g integritet erbjuda branschomsp\u00e4nnande, professionella och h\u00e5llbara Teknisk Serviceerbjudanden \u00f6ver hela Norden, vill vi tillf\u00f6ra merv\u00e4rde f\u00f6r golvmaterialleverant\u00f6rer, golventrepren\u00f6r och andra akt\u00f6rer p\u00e5 Skandinavisk golvmarknad och \u00f6ka deras servicegrad i sin aff\u00e4r.\u00a0<span style=\"font-size: 14px; background-color: transparent;\">Genom detta \u00e4r m\u00e5let att bli det naturliga f\u00f6rstahandsvalet av teknisk Servicepartner \/golvteknisk konsult i golvbranschen<\/span><\/p>\t\t\t\t\t\t\t\t<\/div>\n\t\t\t\t<\/div>\n\t\t\t\t\t<\/div>\n\t\t<\/div>\n\t\t\t\t\t<\/div>\n\t\t<\/section>\n\t\t\t\t<div class=\"elementor-element elementor-element-653b6c7 elementor-widget elementor-widget-spacer\" data-id=\"653b6c7\" data-element_type=\"widget\" data-e-type=\"widget\" data-widget_type=\"spacer.default\">\n\t\t\t\t<div class=\"elementor-widget-container\">\n\t\t\t\t\t\t\t<div class=\"elementor-spacer\">\n\t\t\t<div class=\"elementor-spacer-inner\"><\/div>\n\t\t<\/div>\n\t\t\t\t\t\t<\/div>\n\t\t\t\t<\/div>\n\t\t\t\t<section class=\"elementor-section elementor-inner-section elementor-element elementor-element-844c1c6 elementor-section-boxed elementor-section-height-default elementor-section-height-default\" data-id=\"844c1c6\" data-element_type=\"section\" data-e-type=\"section\" data-settings=\"{&quot;background_background&quot;:&quot;classic&quot;}\">\n\t\t\t\t\t\t<div class=\"elementor-container elementor-column-gap-default\">\n\t\t\t\t\t<div class=\"elementor-column elementor-col-50 elementor-inner-column elementor-element elementor-element-9dccc1d\" data-id=\"9dccc1d\" data-element_type=\"column\" data-e-type=\"column\">\n\t\t\t<div class=\"elementor-widget-wrap elementor-element-populated\">\n\t\t\t\t\t\t<div class=\"elementor-element elementor-element-01ce095 elementor-widget elementor-widget-heading\" data-id=\"01ce095\" data-element_type=\"widget\" data-e-type=\"widget\" data-widget_type=\"heading.default\">\n\t\t\t\t<div class=\"elementor-widget-container\">\n\t\t\t\t\t<h2 class=\"elementor-heading-title elementor-size-default\">Peter Lindstr\u00f6m<\/h2>\t\t\t\t<\/div>\n\t\t\t\t<\/div>\n\t\t\t\t<div class=\"elementor-element elementor-element-78400c2 elementor-widget elementor-widget-text-editor\" data-id=\"78400c2\" data-element_type=\"widget\" data-e-type=\"widget\" data-widget_type=\"text-editor.default\">\n\t\t\t\t<div class=\"elementor-widget-container\">\n\t\t\t\t\t\t\t\t\t<p>som \u00e4ger och driver bolaget, har n\u00e4rmare 40 \u00e5rs bred och gedigen erfarenhet fr\u00e5n golvbranschen med mycket gott renomm\u00e9.<\/p><p>Allt b\u00f6rjade 1980 med starten p\u00e5 Bygg och Anl\u00e4ggningsteknisk utbildning med inriktning golv p\u00e5 Palmcrantzskolan\u00a0 i \u00d6stersund och fram till Jan 2020 har arbetat i hela spektrat fr\u00e5n golvl\u00e4ggare och golventrepren\u00f6r via teknisk Service ingenj\u00f6r och sedermera teknisk ServiceChef p\u00e5 Forbo Flooring AB, Technical Services Manager Scandinavia p\u00e5\u00a0 Amtico International AB, en kortare sejour som Teknisk Chef p\u00e5 Gerflor Sverige och sist som Technical Services manager Scandinavia &amp; Baltic States p\u00e5 Amtico International som \u00e4ven omfattade koncern\u00f6vergripande uppdrag i Europa. I dessa roller har \u00e4ven Peter de sista 10 \u00e5ren haft uppdrag och deltagit i Golvbranschens Riksorganisations olika arbetsgrupper och golvteknikutbildningar.<\/p>\t\t\t\t\t\t\t\t<\/div>\n\t\t\t\t<\/div>\n\t\t\t\t\t<\/div>\n\t\t<\/div>\n\t\t\t\t<div class=\"elementor-column elementor-col-50 elementor-inner-column elementor-element elementor-element-bff0f34\" data-id=\"bff0f34\" data-element_type=\"column\" data-e-type=\"column\">\n\t\t\t<div class=\"elementor-widget-wrap elementor-element-populated\">\n\t\t\t\t\t\t<div class=\"elementor-element elementor-element-a2514fb elementor-widget elementor-widget-image\" data-id=\"a2514fb\" data-element_type=\"widget\" data-e-type=\"widget\" data-widget_type=\"image.default\">\n\t\t\t\t<div class=\"elementor-widget-container\">\n\t\t\t\t\t\t\t\t\t\t\t\t\t\t\t<img fetchpriority=\"high\" decoding=\"async\" width=\"768\" height=\"702\" src=\"https:\/\/flooringconsultancy.se\/wp-content\/uploads\/2020\/04\/Peter-Lindstr\u00f6m-1-768x702.jpg\" class=\"attachment-medium_large size-medium_large wp-image-555\" alt=\"Peter Lindstr\u00f6m \u00c4gare Flooring Consultancy Scandinavia AB\" srcset=\"https:\/\/flooringconsultancy.se\/wp-content\/uploads\/2020\/04\/Peter-Lindstr\u00f6m-1-768x702.jpg 768w, https:\/\/flooringconsultancy.se\/wp-content\/uploads\/2020\/04\/Peter-Lindstr\u00f6m-1-300x274.jpg 300w, https:\/\/flooringconsultancy.se\/wp-content\/uploads\/2020\/04\/Peter-Lindstr\u00f6m-1-1024x936.jpg 1024w, https:\/\/flooringconsultancy.se\/wp-content\/uploads\/2020\/04\/Peter-Lindstr\u00f6m-1-1536x1404.jpg 1536w, https:\/\/flooringconsultancy.se\/wp-content\/uploads\/2020\/04\/Peter-Lindstr\u00f6m-1-2048x1872.jpg 2048w, https:\/\/flooringconsultancy.se\/wp-content\/uploads\/2020\/04\/Peter-Lindstr\u00f6m-1-e1587114230564.jpg 1200w\" sizes=\"(max-width: 768px) 100vw, 768px\" \/>\t\t\t\t\t\t\t\t\t\t\t\t\t\t\t<\/div>\n\t\t\t\t<\/div>\n\t\t\t\t\t<\/div>\n\t\t<\/div>\n\t\t\t\t\t<\/div>\n\t\t<\/section>\n\t\t\t\t<div class=\"elementor-element elementor-element-8e20e75 elementor-widget elementor-widget-spacer\" data-id=\"8e20e75\" data-element_type=\"widget\" data-e-type=\"widget\" data-widget_type=\"spacer.default\">\n\t\t\t\t<div class=\"elementor-widget-container\">\n\t\t\t\t\t\t\t<div class=\"elementor-spacer\">\n\t\t\t<div class=\"elementor-spacer-inner\"><\/div>\n\t\t<\/div>\n\t\t\t\t\t\t<\/div>\n\t\t\t\t<\/div>\n\t\t\t\t\t<\/div>\n\t\t<\/div>\n\t\t\t\t\t<\/div>\n\t\t<\/section>\n\t\t\t\t<\/div>\n\t\t","protected":false},"excerpt":{"rendered":"<p>Kort om oss Om.. Flooring Consultancy Scandinavia AB \u00e4r ett konsultbolag med bas i Stockholm f\u00f6r allt inom Golvteknik som med l\u00e5ng,\u00a0 bred och internationell branscherfarenhet erbjuder tekniska servicetj\u00e4nster med hela Norden som arbetsf\u00e4lt. V\u00e5r kundbas \u00e4r\u00a0 dels\u00a0Industrin&#8211; det vill s\u00e4ga golv \/\u00a0 materialtillverkare och golvleverant\u00f6rer och dels\u00a0Kommersiell sektor, det vill s\u00e4ga exempelvis golventrepren\u00f6rer, fastighets\u00e4gare, &hellip;<\/p>\n<p class=\"read-more\"> <a class=\"\" href=\"https:\/\/flooringconsultancy.se\/sv\/about\/\"> <span class=\"screen-reader-text\">Om Oss<\/span> L\u00e4s mer &raquo;<\/a><\/p>\n","protected":false},"author":1,"featured_media":0,"parent":0,"menu_order":0,"comment_status":"closed","ping_status":"closed","template":"","meta":{"site-sidebar-layout":"no-sidebar","site-content-layout":"page-builder","ast-global-header-display":"","ast-banner-title-visibility":"","ast-main-header-display":"","ast-hfb-above-header-display":"","ast-hfb-below-header-display":"","ast-hfb-mobile-header-display":"","site-post-title":"disabled","ast-breadcrumbs-content":"","ast-featured-img":"disabled","footer-sml-layout":"","theme-transparent-header-meta":"default","adv-header-id-meta":"","stick-header-meta":"","header-above-stick-meta":"","header-main-stick-meta":"","header-below-stick-meta":"","footnotes":""},"class_list":["post-20","page","type-page","status-publish","hentry"],"yoast_head":"<!-- This site is optimized with the Yoast SEO plugin v27.5 - https:\/\/yoast.com\/product\/yoast-seo-wordpress\/ -->\n<title>Om Oss - Flooring Consultancy Scandinavia AB<\/title>\n<meta name=\"description\" content=\"Peter Lindstr\u00f6m, konsult f\u00f6r allt inom Golvteknik och golvbesiktning \u00f6ver hela Norden\" \/>\n<meta name=\"robots\" content=\"index, follow, max-snippet:-1, max-image-preview:large, max-video-preview:-1\" \/>\n<link rel=\"canonical\" href=\"https:\/\/flooringconsultancy.se\/sv\/about\/\" \/>\n<meta property=\"og:locale\" content=\"sv_SE\" \/>\n<meta property=\"og:type\" content=\"article\" \/>\n<meta property=\"og:title\" content=\"Om Oss - Flooring Consultancy Scandinavia AB\" \/>\n<meta property=\"og:description\" content=\"Peter Lindstr\u00f6m, konsult f\u00f6r allt inom Golvteknik och golvbesiktning \u00f6ver hela Norden\" \/>\n<meta property=\"og:url\" content=\"https:\/\/flooringconsultancy.se\/sv\/about\/\" \/>\n<meta property=\"og:site_name\" content=\"Flooring Consultancy Scandinavia AB\" \/>\n<meta property=\"article:modified_time\" content=\"2020-05-15T11:35:22+00:00\" \/>\n<meta property=\"og:image\" content=\"https:\/\/flooringconsultancy.se\/wp-content\/uploads\/2020\/04\/Peter-Lindstr\u00f6m-1-768x702.jpg\" \/>\n<meta name=\"twitter:card\" content=\"summary_large_image\" \/>\n<meta name=\"twitter:label1\" content=\"Ber\u00e4knad l\u00e4stid\" \/>\n\t<meta name=\"twitter:data1\" content=\"2 minuter\" \/>\n<script type=\"application\/ld+json\" class=\"yoast-schema-graph\">{\"@context\":\"https:\\\/\\\/schema.org\",\"@graph\":[{\"@type\":\"WebPage\",\"@id\":\"https:\\\/\\\/flooringconsultancy.se\\\/about\\\/\",\"url\":\"https:\\\/\\\/flooringconsultancy.se\\\/about\\\/\",\"name\":\"Om Oss - Flooring Consultancy Scandinavia AB\",\"isPartOf\":{\"@id\":\"https:\\\/\\\/flooringconsultancy.se\\\/#website\"},\"datePublished\":\"2018-02-12T14:47:11+00:00\",\"dateModified\":\"2020-05-15T11:35:22+00:00\",\"description\":\"Peter Lindstr\u00f6m, konsult f\u00f6r allt inom Golvteknik och golvbesiktning \u00f6ver hela Norden\",\"breadcrumb\":{\"@id\":\"https:\\\/\\\/flooringconsultancy.se\\\/about\\\/#breadcrumb\"},\"inLanguage\":\"sv-SE\",\"potentialAction\":[{\"@type\":\"ReadAction\",\"target\":[\"https:\\\/\\\/flooringconsultancy.se\\\/about\\\/\"]}]},{\"@type\":\"BreadcrumbList\",\"@id\":\"https:\\\/\\\/flooringconsultancy.se\\\/about\\\/#breadcrumb\",\"itemListElement\":[{\"@type\":\"ListItem\",\"position\":1,\"name\":\"Hem\",\"item\":\"https:\\\/\\\/flooringconsultancy.se\\\/\"},{\"@type\":\"ListItem\",\"position\":2,\"name\":\"Om Oss\"}]},{\"@type\":\"WebSite\",\"@id\":\"https:\\\/\\\/flooringconsultancy.se\\\/#website\",\"url\":\"https:\\\/\\\/flooringconsultancy.se\\\/\",\"name\":\"Flooring Consultancy Scandinavia AB\",\"description\":\"Peter Lindstr\u00f6m, konsult f\u00f6r allt inom Golvteknik och golvbesiktning \u00f6ver hela Norden\",\"publisher\":{\"@id\":\"https:\\\/\\\/flooringconsultancy.se\\\/#organization\"},\"potentialAction\":[{\"@type\":\"SearchAction\",\"target\":{\"@type\":\"EntryPoint\",\"urlTemplate\":\"https:\\\/\\\/flooringconsultancy.se\\\/?s={search_term_string}\"},\"query-input\":{\"@type\":\"PropertyValueSpecification\",\"valueRequired\":true,\"valueName\":\"search_term_string\"}}],\"inLanguage\":\"sv-SE\"},{\"@type\":\"Organization\",\"@id\":\"https:\\\/\\\/flooringconsultancy.se\\\/#organization\",\"name\":\"Flooring Consultancy Scandinavia AB\",\"url\":\"https:\\\/\\\/flooringconsultancy.se\\\/\",\"logo\":{\"@type\":\"ImageObject\",\"inLanguage\":\"sv-SE\",\"@id\":\"https:\\\/\\\/flooringconsultancy.se\\\/#\\\/schema\\\/logo\\\/image\\\/\",\"url\":\"https:\\\/\\\/flooringconsultancy.se\\\/wp-content\\\/uploads\\\/2020\\\/04\\\/Flooring-Consultancy_72-dpi.png\",\"contentUrl\":\"https:\\\/\\\/flooringconsultancy.se\\\/wp-content\\\/uploads\\\/2020\\\/04\\\/Flooring-Consultancy_72-dpi.png\",\"width\":401,\"height\":209,\"caption\":\"Flooring Consultancy Scandinavia AB\"},\"image\":{\"@id\":\"https:\\\/\\\/flooringconsultancy.se\\\/#\\\/schema\\\/logo\\\/image\\\/\"}}]}<\/script>\n<!-- \/ Yoast SEO plugin. -->","yoast_head_json":{"title":"Om Oss - Flooring Consultancy Scandinavia AB","description":"Peter Lindstr\u00f6m, konsult f\u00f6r allt inom Golvteknik och golvbesiktning \u00f6ver hela Norden","robots":{"index":"index","follow":"follow","max-snippet":"max-snippet:-1","max-image-preview":"max-image-preview:large","max-video-preview":"max-video-preview:-1"},"canonical":"https:\/\/flooringconsultancy.se\/sv\/about\/","og_locale":"sv_SE","og_type":"article","og_title":"Om Oss - Flooring Consultancy Scandinavia AB","og_description":"Peter Lindstr\u00f6m, konsult f\u00f6r allt inom Golvteknik och golvbesiktning \u00f6ver hela Norden","og_url":"https:\/\/flooringconsultancy.se\/sv\/about\/","og_site_name":"Flooring Consultancy Scandinavia AB","article_modified_time":"2020-05-15T11:35:22+00:00","og_image":[{"url":"https:\/\/flooringconsultancy.se\/wp-content\/uploads\/2020\/04\/Peter-Lindstr\u00f6m-1-768x702.jpg","type":"","width":"","height":""}],"twitter_card":"summary_large_image","twitter_misc":{"Ber\u00e4knad l\u00e4stid":"2 minuter"},"schema":{"@context":"https:\/\/schema.org","@graph":[{"@type":"WebPage","@id":"https:\/\/flooringconsultancy.se\/about\/","url":"https:\/\/flooringconsultancy.se\/about\/","name":"Om Oss - Flooring Consultancy Scandinavia AB","isPartOf":{"@id":"https:\/\/flooringconsultancy.se\/#website"},"datePublished":"2018-02-12T14:47:11+00:00","dateModified":"2020-05-15T11:35:22+00:00","description":"Peter Lindstr\u00f6m, konsult f\u00f6r allt inom Golvteknik och golvbesiktning \u00f6ver hela Norden","breadcrumb":{"@id":"https:\/\/flooringconsultancy.se\/about\/#breadcrumb"},"inLanguage":"sv-SE","potentialAction":[{"@type":"ReadAction","target":["https:\/\/flooringconsultancy.se\/about\/"]}]},{"@type":"BreadcrumbList","@id":"https:\/\/flooringconsultancy.se\/about\/#breadcrumb","itemListElement":[{"@type":"ListItem","position":1,"name":"Hem","item":"https:\/\/flooringconsultancy.se\/"},{"@type":"ListItem","position":2,"name":"Om Oss"}]},{"@type":"WebSite","@id":"https:\/\/flooringconsultancy.se\/#website","url":"https:\/\/flooringconsultancy.se\/","name":"Flooring Consultancy Scandinavia AB","description":"Peter Lindstr\u00f6m, konsult f\u00f6r allt inom Golvteknik och golvbesiktning \u00f6ver hela Norden","publisher":{"@id":"https:\/\/flooringconsultancy.se\/#organization"},"potentialAction":[{"@type":"SearchAction","target":{"@type":"EntryPoint","urlTemplate":"https:\/\/flooringconsultancy.se\/?s={search_term_string}"},"query-input":{"@type":"PropertyValueSpecification","valueRequired":true,"valueName":"search_term_string"}}],"inLanguage":"sv-SE"},{"@type":"Organization","@id":"https:\/\/flooringconsultancy.se\/#organization","name":"Flooring Consultancy Scandinavia AB","url":"https:\/\/flooringconsultancy.se\/","logo":{"@type":"ImageObject","inLanguage":"sv-SE","@id":"https:\/\/flooringconsultancy.se\/#\/schema\/logo\/image\/","url":"https:\/\/flooringconsultancy.se\/wp-content\/uploads\/2020\/04\/Flooring-Consultancy_72-dpi.png","contentUrl":"https:\/\/flooringconsultancy.se\/wp-content\/uploads\/2020\/04\/Flooring-Consultancy_72-dpi.png","width":401,"height":209,"caption":"Flooring Consultancy Scandinavia AB"},"image":{"@id":"https:\/\/flooringconsultancy.se\/#\/schema\/logo\/image\/"}}]}},"_links":{"self":[{"href":"https:\/\/flooringconsultancy.se\/sv\/wp-json\/wp\/v2\/pages\/20","targetHints":{"allow":["GET"]}}],"collection":[{"href":"https:\/\/flooringconsultancy.se\/sv\/wp-json\/wp\/v2\/pages"}],"about":[{"href":"https:\/\/flooringconsultancy.se\/sv\/wp-json\/wp\/v2\/types\/page"}],"author":[{"embeddable":true,"href":"https:\/\/flooringconsultancy.se\/sv\/wp-json\/wp\/v2\/users\/1"}],"replies":[{"embeddable":true,"href":"https:\/\/flooringconsultancy.se\/sv\/wp-json\/wp\/v2\/comments?post=20"}],"version-history":[{"count":18,"href":"https:\/\/flooringconsultancy.se\/sv\/wp-json\/wp\/v2\/pages\/20\/revisions"}],"predecessor-version":[{"id":1707,"href":"https:\/\/flooringconsultancy.se\/sv\/wp-json\/wp\/v2\/pages\/20\/revisions\/1707"}],"wp:attachment":[{"href":"https:\/\/flooringconsultancy.se\/sv\/wp-json\/wp\/v2\/media?parent=20"}],"curies":[{"name":"wp","href":"https:\/\/api.w.org\/{rel}","templated":true}]}}