{"id":22,"date":"2018-02-12T14:48:01","date_gmt":"2018-02-12T13:48:01","guid":{"rendered":"https:\/\/flooringconsultancy.se\/courses\/"},"modified":"2021-05-21T07:11:47","modified_gmt":"2021-05-21T05:11:47","slug":"foretagstjanster","status":"publish","type":"page","link":"https:\/\/flooringconsultancy.se\/sv\/foretagstjanster\/","title":{"rendered":"F\u00f6retagskund"},"content":{"rendered":"\t\t<div data-elementor-type=\"wp-post\" data-elementor-id=\"22\" class=\"elementor elementor-22\">\n\t\t\t\t\t\t<section class=\"elementor-section elementor-top-section elementor-element elementor-element-630346dd elementor-section-content-bottom elementor-section-boxed elementor-section-height-default elementor-section-height-default\" data-id=\"630346dd\" data-element_type=\"section\" data-e-type=\"section\" data-settings=\"{&quot;background_background&quot;:&quot;classic&quot;}\">\n\t\t\t\t\t\t\t<div class=\"elementor-background-overlay\"><\/div>\n\t\t\t\t\t\t\t<div class=\"elementor-container elementor-column-gap-extended\">\n\t\t\t\t\t<div class=\"elementor-column elementor-col-100 elementor-top-column elementor-element elementor-element-3220efa5\" data-id=\"3220efa5\" data-element_type=\"column\" data-e-type=\"column\">\n\t\t\t<div class=\"elementor-widget-wrap elementor-element-populated\">\n\t\t\t\t\t\t<div class=\"elementor-element elementor-element-6f8ad48e elementor-widget elementor-widget-heading\" data-id=\"6f8ad48e\" data-element_type=\"widget\" data-e-type=\"widget\" data-widget_type=\"heading.default\">\n\t\t\t\t<div class=\"elementor-widget-container\">\n\t\t\t\t\t<h1 class=\"elementor-heading-title elementor-size-default\">V\u00e5ra F\u00f6retagstj\u00e4nster<\/h1>\t\t\t\t<\/div>\n\t\t\t\t<\/div>\n\t\t\t\t\t<\/div>\n\t\t<\/div>\n\t\t\t\t\t<\/div>\n\t\t<\/section>\n\t\t\t\t<section class=\"elementor-section elementor-top-section elementor-element elementor-element-31b71be4 elementor-section-content-middle elementor-section-boxed elementor-section-height-default elementor-section-height-default\" data-id=\"31b71be4\" data-element_type=\"section\" data-e-type=\"section\">\n\t\t\t\t\t\t<div class=\"elementor-container elementor-column-gap-extended\">\n\t\t\t\t\t<div class=\"elementor-column elementor-col-100 elementor-top-column elementor-element elementor-element-ebf314e\" data-id=\"ebf314e\" data-element_type=\"column\" data-e-type=\"column\">\n\t\t\t<div class=\"elementor-widget-wrap elementor-element-populated\">\n\t\t\t\t\t\t<div class=\"elementor-element elementor-element-8f026e5 elementor-widget elementor-widget-menu-anchor\" data-id=\"8f026e5\" data-element_type=\"widget\" data-e-type=\"widget\" data-widget_type=\"menu-anchor.default\">\n\t\t\t\t<div class=\"elementor-widget-container\">\n\t\t\t\t\t\t\t<div class=\"elementor-menu-anchor\" id=\"foretag\"><\/div>\n\t\t\t\t\t\t<\/div>\n\t\t\t\t<\/div>\n\t\t\t\t<div class=\"elementor-element elementor-element-132913ba elementor-widget elementor-widget-text-editor\" data-id=\"132913ba\" data-element_type=\"widget\" data-e-type=\"widget\" data-widget_type=\"text-editor.default\">\n\t\t\t\t<div class=\"elementor-widget-container\">\n\t\t\t\t\t\t\t\t\t<p>H\u00e4r nedan ser du ett urval av de golvtekniska tj\u00e4nster vi kan erbjuda er. Vi v\u00e4nder oss till alla golvbranschens akt\u00f6rer som golv och materialleverant\u00f6rer, golventrepren\u00f6rer, byggare, fastighets\u00e4gare, f\u00f6rvaltare och bostadsr\u00e4ttsf\u00f6reningar,\u00a0 f\u00f6reskrivare m.fl.<\/p>\t\t\t\t\t\t\t\t<\/div>\n\t\t\t\t<\/div>\n\t\t\t\t<section class=\"elementor-section elementor-inner-section elementor-element elementor-element-f4cd93c elementor-section-boxed elementor-section-height-default elementor-section-height-default\" data-id=\"f4cd93c\" data-element_type=\"section\" data-e-type=\"section\">\n\t\t\t\t\t\t<div class=\"elementor-container elementor-column-gap-default\">\n\t\t\t\t\t<div class=\"elementor-column elementor-col-33 elementor-inner-column elementor-element elementor-element-421ce460\" data-id=\"421ce460\" data-element_type=\"column\" data-e-type=\"column\">\n\t\t\t<div class=\"elementor-widget-wrap elementor-element-populated\">\n\t\t\t\t\t\t<div class=\"elementor-element elementor-element-50cb6032 elementor-position-top elementor-widget elementor-widget-image-box\" data-id=\"50cb6032\" data-element_type=\"widget\" data-e-type=\"widget\" data-widget_type=\"image-box.default\">\n\t\t\t\t<div class=\"elementor-widget-container\">\n\t\t\t\t\t<div class=\"elementor-image-box-wrapper\"><figure class=\"elementor-image-box-img\"><img fetchpriority=\"high\" decoding=\"async\" width=\"500\" height=\"335\" src=\"https:\/\/flooringconsultancy.se\/wp-content\/uploads\/2020\/04\/167-scaled-e1588052619305.jpg\" class=\"attachment-full size-full wp-image-608\" alt=\"\" \/><\/figure><div class=\"elementor-image-box-content\"><h3 class=\"elementor-image-box-title\">Golvbesiktningar<\/h3><p class=\"elementor-image-box-description\">Vi utf\u00f6r tekniska golvbesiktningar, GVK-kontroller och v\u00e5trumsbesiktningar, opartiska reklamations -besiktningar och sakkunnigutl\u00e5tanden. V\u00e5rt huvudsakliga geografiska arbetsomr\u00e5de \u00e4r Sverige och de Nordiska l\u00e4nderna samt Baltikum. Vi kan \u00e4ven utf\u00f6ra uppdrag i andra delar av Europa och v\u00e4rlden om s\u00e5 \u00f6nskas.<\/p><\/div><\/div>\t\t\t\t<\/div>\n\t\t\t\t<\/div>\n\t\t\t\t\t<\/div>\n\t\t<\/div>\n\t\t\t\t<div class=\"elementor-column elementor-col-33 elementor-inner-column elementor-element elementor-element-79709c27\" data-id=\"79709c27\" data-element_type=\"column\" data-e-type=\"column\">\n\t\t\t<div class=\"elementor-widget-wrap elementor-element-populated\">\n\t\t\t\t\t\t<div class=\"elementor-element elementor-element-6ab91f9e elementor-position-top elementor-widget elementor-widget-image-box\" data-id=\"6ab91f9e\" data-element_type=\"widget\" data-e-type=\"widget\" data-widget_type=\"image-box.default\">\n\t\t\t\t<div class=\"elementor-widget-container\">\n\t\t\t\t\t<div class=\"elementor-image-box-wrapper\"><figure class=\"elementor-image-box-img\"><img decoding=\"async\" src=\"https:\/\/flooringconsultancy.se\/wp-content\/uploads\/elementor\/thumbs\/WTC_Marsielle3-3-scaled-e1588055884258-oopz8e9358pxtj0ia7kkdjkp31seix47la3b8mtsuc.jpeg\" title=\"WTC_Marsielle3 (3)\" alt=\"WTC_Marsielle3 (3)\" loading=\"lazy\" \/><\/figure><div class=\"elementor-image-box-content\"><h3 class=\"elementor-image-box-title\">Support vid projektstart<\/h3><p class=\"elementor-image-box-description\">I samband med uppstart av lite avancerade\/kr\u00e5ngliga golvinstallationer och m\u00f6nsterl\u00e4ggningar kan vi bist\u00e5 med support p\u00e5 plats. Dels f\u00f6r att underl\u00e4tta ig\u00e5ngs\u00e4ttandet av sj\u00e4lva installationen och  f\u00f6rebygga reklamationer p\u00e5 grund av felaktigt handhavande.  <\/p><\/div><\/div>\t\t\t\t<\/div>\n\t\t\t\t<\/div>\n\t\t\t\t\t<\/div>\n\t\t<\/div>\n\t\t\t\t<div class=\"elementor-column elementor-col-33 elementor-inner-column elementor-element elementor-element-6868b474\" data-id=\"6868b474\" data-element_type=\"column\" data-e-type=\"column\">\n\t\t\t<div class=\"elementor-widget-wrap elementor-element-populated\">\n\t\t\t\t\t\t<div class=\"elementor-element elementor-element-8ff63ad elementor-position-top elementor-widget elementor-widget-image-box\" data-id=\"8ff63ad\" data-element_type=\"widget\" data-e-type=\"widget\" data-widget_type=\"image-box.default\">\n\t\t\t\t<div class=\"elementor-widget-container\">\n\t\t\t\t\t<div class=\"elementor-image-box-wrapper\"><figure class=\"elementor-image-box-img\"><img decoding=\"async\" src=\"https:\/\/flooringconsultancy.se\/wp-content\/uploads\/elementor\/thumbs\/paper-business-finance-3309829-ooq1u8h1k72207sec21lnre647ubporytkn4fy33r8.jpg\" title=\"paper, business, finance-3309829\" alt=\"paper, business, finance\" loading=\"lazy\" \/><\/figure><div class=\"elementor-image-box-content\"><h3 class=\"elementor-image-box-title\">Produktutveckling<\/h3><p class=\"elementor-image-box-description\"><span style=\"font-size: 14px;font-style: normal;font-weight: 400\">Som golv eller golvmaterialleverant\u00f6r kan du f\u00e5 hj\u00e4lp i din produktutveckling. Vi kan med v\u00e5r l\u00e5nga branscherfarenhet bist\u00e5 med bransch och produktk\u00e4nnedom (marknads- och milj\u00f6bed\u00f6mningskrav etc. f\u00f6r uppr\u00e4ttande av tekniska specifikationer samt att vi kan uppr\u00e4tta Tekniska datablad, installations och sk\u00f6tselanvisningar.<\/span><span style=\"font-size: 14px;font-style: normal;font-weight: 400\"><\/span><\/p><\/div><\/div>\t\t\t\t<\/div>\n\t\t\t\t<\/div>\n\t\t\t\t\t<\/div>\n\t\t<\/div>\n\t\t\t\t\t<\/div>\n\t\t<\/section>\n\t\t\t\t<section class=\"elementor-section elementor-inner-section elementor-element elementor-element-62a0d643 elementor-section-boxed elementor-section-height-default elementor-section-height-default\" data-id=\"62a0d643\" data-element_type=\"section\" data-e-type=\"section\">\n\t\t\t\t\t\t<div class=\"elementor-container elementor-column-gap-default\">\n\t\t\t\t\t<div class=\"elementor-column elementor-col-33 elementor-inner-column elementor-element elementor-element-2f4f24fc\" data-id=\"2f4f24fc\" data-element_type=\"column\" data-e-type=\"column\">\n\t\t\t<div class=\"elementor-widget-wrap elementor-element-populated\">\n\t\t\t\t\t\t<div class=\"elementor-element elementor-element-40f138c3 elementor-position-top elementor-widget elementor-widget-image-box\" data-id=\"40f138c3\" data-element_type=\"widget\" data-e-type=\"widget\" data-widget_type=\"image-box.default\">\n\t\t\t\t<div class=\"elementor-widget-container\">\n\t\t\t\t\t<div class=\"elementor-image-box-wrapper\"><figure class=\"elementor-image-box-img\"><img decoding=\"async\" src=\"https:\/\/flooringconsultancy.se\/wp-content\/uploads\/elementor\/thumbs\/DSCN0797-2-scaled-ooq00nacahonqo451hjes0e7jqdk0vxwn1502h3wg0.jpg\" title=\"DSCN0797 (2)\" alt=\"DSCN0797 (2)\" loading=\"lazy\" \/><\/figure><div class=\"elementor-image-box-content\"><h3 class=\"elementor-image-box-title\">Produkt &amp; Milj\u00f6bed\u00f6mning <\/h3><p class=\"elementor-image-box-description\">Vi hj\u00e4lper materialleverant\u00f6rer med produktbed\u00f6mningar och registrering i Basta, Byggvarubed\u00f6mningen, Sunda Hus m.m.  Antingen som bollplank och mellanhand mellan teknisk avdelning och bed\u00f6mningsorganisation eller kompletta ans\u00f6kningar.<\/p><\/div><\/div>\t\t\t\t<\/div>\n\t\t\t\t<\/div>\n\t\t\t\t\t<\/div>\n\t\t<\/div>\n\t\t\t\t<div class=\"elementor-column elementor-col-33 elementor-inner-column elementor-element elementor-element-58f024\" data-id=\"58f024\" data-element_type=\"column\" data-e-type=\"column\">\n\t\t\t<div class=\"elementor-widget-wrap elementor-element-populated\">\n\t\t\t\t\t\t<div class=\"elementor-element elementor-element-296eb1f9 elementor-position-top elementor-widget elementor-widget-image-box\" data-id=\"296eb1f9\" data-element_type=\"widget\" data-e-type=\"widget\" data-widget_type=\"image-box.default\">\n\t\t\t\t<div class=\"elementor-widget-container\">\n\t\t\t\t\t<div class=\"elementor-image-box-wrapper\"><figure class=\"elementor-image-box-img\"><img decoding=\"async\" src=\"https:\/\/flooringconsultancy.se\/wp-content\/uploads\/elementor\/thumbs\/IMG_2126-ooq4jqaejyebcb951heen206bbvmu2y57yiwtzxah0.jpg\" title=\"IMG_2126\" alt=\"IMG_2126\" loading=\"lazy\" \/><\/figure><div class=\"elementor-image-box-content\"><h3 class=\"elementor-image-box-title\">Teknisk Dokumentation<\/h3><p class=\"elementor-image-box-description\">Tekniska datablad, installationsanvisningar, sk\u00f6tsel och underh\u00e5llsr\u00e5d. Vi \u00f6vers\u00e4tter ev. befintliga engelska anvisningar till Svenska och anpassar till lokala regelverk. Vi kan \u00e4ven agera bollplank till er egen marknadsavdelning i dessa fr\u00e5gor.<\/p><\/div><\/div>\t\t\t\t<\/div>\n\t\t\t\t<\/div>\n\t\t\t\t\t<\/div>\n\t\t<\/div>\n\t\t\t\t<div class=\"elementor-column elementor-col-33 elementor-inner-column elementor-element elementor-element-2aef8492\" data-id=\"2aef8492\" data-element_type=\"column\" data-e-type=\"column\">\n\t\t\t<div class=\"elementor-widget-wrap elementor-element-populated\">\n\t\t\t\t\t\t<div class=\"elementor-element elementor-element-6528893 elementor-position-top elementor-widget elementor-widget-image-box\" data-id=\"6528893\" data-element_type=\"widget\" data-e-type=\"widget\" data-widget_type=\"image-box.default\">\n\t\t\t\t<div class=\"elementor-widget-container\">\n\t\t\t\t\t<div class=\"elementor-image-box-wrapper\"><figure class=\"elementor-image-box-img\"><img decoding=\"async\" src=\"https:\/\/flooringconsultancy.se\/wp-content\/uploads\/elementor\/thumbs\/Peter-Lindstr\u00f6m_f\u00f6rel\u00e4sning-2-ooq32zkf2m73vzv50oo0qd52czu6xhkcmwq3f24jlw.jpeg\" title=\"Peter Lindstr\u00f6m_f\u00f6rel\u00e4sning (2)\" alt=\"Peter Lindstr\u00f6m_f\u00f6rel\u00e4sning (2)\" loading=\"lazy\" \/><\/figure><div class=\"elementor-image-box-content\"><h3 class=\"elementor-image-box-title\">Teknisk R\u00e5dgivning\/Utbildning<\/h3><p class=\"elementor-image-box-description\">R\u00e5dgivning och support i alla golvtekniska fr\u00e5gor som ex. materialtypsval beroende p\u00e5 anv\u00e4ndningsomr\u00e5den och\/eller milj\u00f6krav. Inventering f\u00f6r byte\/underh\u00e5ll\/sk\u00f6tsel av golv. Produktutbildningar och f\u00f6rel\u00e4sning. Allm\u00e4n teknisk Service support och s\u00e4ljst\u00f6d f\u00f6r golvbranschens akt\u00f6rer.<\/p><\/div><\/div>\t\t\t\t<\/div>\n\t\t\t\t<\/div>\n\t\t\t\t\t<\/div>\n\t\t<\/div>\n\t\t\t\t\t<\/div>\n\t\t<\/section>\n\t\t\t\t\t<\/div>\n\t\t<\/div>\n\t\t\t\t\t<\/div>\n\t\t<\/section>\n\t\t\t\t<section class=\"elementor-section elementor-top-section elementor-element elementor-element-35f7c15 elementor-section-boxed elementor-section-height-default elementor-section-height-default\" data-id=\"35f7c15\" data-element_type=\"section\" data-e-type=\"section\">\n\t\t\t\t\t\t<div class=\"elementor-container elementor-column-gap-default\">\n\t\t\t\t\t<div class=\"elementor-column elementor-col-100 elementor-top-column elementor-element elementor-element-7547942\" data-id=\"7547942\" data-element_type=\"column\" data-e-type=\"column\">\n\t\t\t<div class=\"elementor-widget-wrap elementor-element-populated\">\n\t\t\t\t\t\t<div class=\"elementor-element elementor-element-bcc381f elementor-widget elementor-widget-button\" data-id=\"bcc381f\" data-element_type=\"widget\" data-e-type=\"widget\" data-widget_type=\"button.default\">\n\t\t\t\t<div class=\"elementor-widget-container\">\n\t\t\t\t\t\t\t\t\t<div class=\"elementor-button-wrapper\">\n\t\t\t\t\t<a class=\"elementor-button elementor-button-link elementor-size-sm\" href=\"http:\/\/Kontakt\">\n\t\t\t\t\t\t<span class=\"elementor-button-content-wrapper\">\n\t\t\t\t\t\t\t\t\t<span class=\"elementor-button-text\">Klicka h\u00e4r f\u00f6r kontaktuppgifter<\/span>\n\t\t\t\t\t<\/span>\n\t\t\t\t\t<\/a>\n\t\t\t\t<\/div>\n\t\t\t\t\t\t\t\t<\/div>\n\t\t\t\t<\/div>\n\t\t\t\t\t<\/div>\n\t\t<\/div>\n\t\t\t\t\t<\/div>\n\t\t<\/section>\n\t\t\t\t<\/div>\n\t\t","protected":false},"excerpt":{"rendered":"<p>V\u00e5ra F\u00f6retagstj\u00e4nster H\u00e4r nedan ser du ett urval av de golvtekniska tj\u00e4nster vi kan erbjuda er. Vi v\u00e4nder oss till alla golvbranschens akt\u00f6rer som golv och materialleverant\u00f6rer, golventrepren\u00f6rer, byggare, fastighets\u00e4gare, f\u00f6rvaltare och bostadsr\u00e4ttsf\u00f6reningar,\u00a0 f\u00f6reskrivare m.fl. Golvbesiktningar Vi utf\u00f6r tekniska golvbesiktningar, GVK-kontroller och v\u00e5trumsbesiktningar, opartiska reklamations -besiktningar och sakkunnigutl\u00e5tanden. V\u00e5rt huvudsakliga geografiska arbetsomr\u00e5de \u00e4r Sverige och &hellip;<\/p>\n<p class=\"read-more\"> <a class=\"\" href=\"https:\/\/flooringconsultancy.se\/sv\/foretagstjanster\/\"> <span class=\"screen-reader-text\">F\u00f6retagskund<\/span> L\u00e4s mer &raquo;<\/a><\/p>\n","protected":false},"author":1,"featured_media":0,"parent":0,"menu_order":0,"comment_status":"closed","ping_status":"closed","template":"","meta":{"site-sidebar-layout":"no-sidebar","site-content-layout":"page-builder","ast-global-header-display":"","ast-banner-title-visibility":"","ast-main-header-display":"","ast-hfb-above-header-display":"","ast-hfb-below-header-display":"","ast-hfb-mobile-header-display":"","site-post-title":"disabled","ast-breadcrumbs-content":"","ast-featured-img":"disabled","footer-sml-layout":"","theme-transparent-header-meta":"default","adv-header-id-meta":"","stick-header-meta":"","header-above-stick-meta":"","header-main-stick-meta":"","header-below-stick-meta":"","footnotes":""},"class_list":["post-22","page","type-page","status-publish","hentry"],"yoast_head":"<!-- This site is optimized with the Yoast SEO plugin v27.4 - https:\/\/yoast.com\/product\/yoast-seo-wordpress\/ -->\n<title>F\u00f6retagskund - Flooring Consultancy Scandinavia AB<\/title>\n<meta name=\"description\" content=\"Peter Lindstr\u00f6m, konsult f\u00f6r allt inom Golvteknik och golvbesiktning \u00f6ver hela Norden\" \/>\n<meta name=\"robots\" content=\"index, follow, max-snippet:-1, max-image-preview:large, max-video-preview:-1\" \/>\n<link rel=\"canonical\" href=\"https:\/\/flooringconsultancy.se\/sv\/foretagstjanster\/\" \/>\n<meta property=\"og:locale\" content=\"sv_SE\" \/>\n<meta property=\"og:type\" content=\"article\" \/>\n<meta property=\"og:title\" content=\"F\u00f6retagskund - Flooring Consultancy Scandinavia AB\" \/>\n<meta property=\"og:description\" content=\"Peter Lindstr\u00f6m, konsult f\u00f6r allt inom Golvteknik och golvbesiktning \u00f6ver hela Norden\" \/>\n<meta property=\"og:url\" content=\"https:\/\/flooringconsultancy.se\/sv\/foretagstjanster\/\" \/>\n<meta property=\"og:site_name\" content=\"Flooring Consultancy Scandinavia AB\" \/>\n<meta property=\"article:modified_time\" content=\"2021-05-21T05:11:47+00:00\" \/>\n<meta property=\"og:image\" content=\"https:\/\/flooringconsultancy.se\/wp-content\/uploads\/2020\/04\/167-scaled-e1588052619305.jpg\" \/>\n<meta name=\"twitter:card\" content=\"summary_large_image\" \/>\n<meta name=\"twitter:label1\" content=\"Ber\u00e4knad l\u00e4stid\" \/>\n\t<meta name=\"twitter:data1\" content=\"3 minuter\" \/>\n<script type=\"application\/ld+json\" class=\"yoast-schema-graph\">{\"@context\":\"https:\\\/\\\/schema.org\",\"@graph\":[{\"@type\":\"WebPage\",\"@id\":\"https:\\\/\\\/flooringconsultancy.se\\\/foretagstjanster\\\/\",\"url\":\"https:\\\/\\\/flooringconsultancy.se\\\/foretagstjanster\\\/\",\"name\":\"F\u00f6retagskund - Flooring Consultancy Scandinavia AB\",\"isPartOf\":{\"@id\":\"https:\\\/\\\/flooringconsultancy.se\\\/#website\"},\"primaryImageOfPage\":{\"@id\":\"https:\\\/\\\/flooringconsultancy.se\\\/foretagstjanster\\\/#primaryimage\"},\"image\":{\"@id\":\"https:\\\/\\\/flooringconsultancy.se\\\/foretagstjanster\\\/#primaryimage\"},\"thumbnailUrl\":\"https:\\\/\\\/flooringconsultancy.se\\\/wp-content\\\/uploads\\\/2020\\\/04\\\/167-scaled-e1588052619305.jpg\",\"datePublished\":\"2018-02-12T13:48:01+00:00\",\"dateModified\":\"2021-05-21T05:11:47+00:00\",\"description\":\"Peter Lindstr\u00f6m, konsult f\u00f6r allt inom Golvteknik och golvbesiktning \u00f6ver hela Norden\",\"breadcrumb\":{\"@id\":\"https:\\\/\\\/flooringconsultancy.se\\\/foretagstjanster\\\/#breadcrumb\"},\"inLanguage\":\"sv-SE\",\"potentialAction\":[{\"@type\":\"ReadAction\",\"target\":[\"https:\\\/\\\/flooringconsultancy.se\\\/foretagstjanster\\\/\"]}]},{\"@type\":\"ImageObject\",\"inLanguage\":\"sv-SE\",\"@id\":\"https:\\\/\\\/flooringconsultancy.se\\\/foretagstjanster\\\/#primaryimage\",\"url\":\"https:\\\/\\\/flooringconsultancy.se\\\/wp-content\\\/uploads\\\/2020\\\/04\\\/167-scaled-e1588052619305.jpg\",\"contentUrl\":\"https:\\\/\\\/flooringconsultancy.se\\\/wp-content\\\/uploads\\\/2020\\\/04\\\/167-scaled-e1588052619305.jpg\"},{\"@type\":\"BreadcrumbList\",\"@id\":\"https:\\\/\\\/flooringconsultancy.se\\\/foretagstjanster\\\/#breadcrumb\",\"itemListElement\":[{\"@type\":\"ListItem\",\"position\":1,\"name\":\"Hem\",\"item\":\"https:\\\/\\\/flooringconsultancy.se\\\/\"},{\"@type\":\"ListItem\",\"position\":2,\"name\":\"F\u00f6retagskund\"}]},{\"@type\":\"WebSite\",\"@id\":\"https:\\\/\\\/flooringconsultancy.se\\\/#website\",\"url\":\"https:\\\/\\\/flooringconsultancy.se\\\/\",\"name\":\"Flooring Consultancy Scandinavia AB\",\"description\":\"Peter Lindstr\u00f6m, konsult f\u00f6r allt inom Golvteknik och golvbesiktning \u00f6ver hela Norden\",\"publisher\":{\"@id\":\"https:\\\/\\\/flooringconsultancy.se\\\/#organization\"},\"potentialAction\":[{\"@type\":\"SearchAction\",\"target\":{\"@type\":\"EntryPoint\",\"urlTemplate\":\"https:\\\/\\\/flooringconsultancy.se\\\/?s={search_term_string}\"},\"query-input\":{\"@type\":\"PropertyValueSpecification\",\"valueRequired\":true,\"valueName\":\"search_term_string\"}}],\"inLanguage\":\"sv-SE\"},{\"@type\":\"Organization\",\"@id\":\"https:\\\/\\\/flooringconsultancy.se\\\/#organization\",\"name\":\"Flooring Consultancy Scandinavia AB\",\"url\":\"https:\\\/\\\/flooringconsultancy.se\\\/\",\"logo\":{\"@type\":\"ImageObject\",\"inLanguage\":\"sv-SE\",\"@id\":\"https:\\\/\\\/flooringconsultancy.se\\\/#\\\/schema\\\/logo\\\/image\\\/\",\"url\":\"https:\\\/\\\/flooringconsultancy.se\\\/wp-content\\\/uploads\\\/2020\\\/04\\\/Flooring-Consultancy_72-dpi.png\",\"contentUrl\":\"https:\\\/\\\/flooringconsultancy.se\\\/wp-content\\\/uploads\\\/2020\\\/04\\\/Flooring-Consultancy_72-dpi.png\",\"width\":401,\"height\":209,\"caption\":\"Flooring Consultancy Scandinavia AB\"},\"image\":{\"@id\":\"https:\\\/\\\/flooringconsultancy.se\\\/#\\\/schema\\\/logo\\\/image\\\/\"}}]}<\/script>\n<!-- \/ Yoast SEO plugin. -->","yoast_head_json":{"title":"F\u00f6retagskund - Flooring Consultancy Scandinavia AB","description":"Peter Lindstr\u00f6m, konsult f\u00f6r allt inom Golvteknik och golvbesiktning \u00f6ver hela Norden","robots":{"index":"index","follow":"follow","max-snippet":"max-snippet:-1","max-image-preview":"max-image-preview:large","max-video-preview":"max-video-preview:-1"},"canonical":"https:\/\/flooringconsultancy.se\/sv\/foretagstjanster\/","og_locale":"sv_SE","og_type":"article","og_title":"F\u00f6retagskund - Flooring Consultancy Scandinavia AB","og_description":"Peter Lindstr\u00f6m, konsult f\u00f6r allt inom Golvteknik och golvbesiktning \u00f6ver hela Norden","og_url":"https:\/\/flooringconsultancy.se\/sv\/foretagstjanster\/","og_site_name":"Flooring Consultancy Scandinavia AB","article_modified_time":"2021-05-21T05:11:47+00:00","og_image":[{"url":"https:\/\/flooringconsultancy.se\/wp-content\/uploads\/2020\/04\/167-scaled-e1588052619305.jpg","type":"","width":"","height":""}],"twitter_card":"summary_large_image","twitter_misc":{"Ber\u00e4knad l\u00e4stid":"3 minuter"},"schema":{"@context":"https:\/\/schema.org","@graph":[{"@type":"WebPage","@id":"https:\/\/flooringconsultancy.se\/foretagstjanster\/","url":"https:\/\/flooringconsultancy.se\/foretagstjanster\/","name":"F\u00f6retagskund - Flooring Consultancy Scandinavia AB","isPartOf":{"@id":"https:\/\/flooringconsultancy.se\/#website"},"primaryImageOfPage":{"@id":"https:\/\/flooringconsultancy.se\/foretagstjanster\/#primaryimage"},"image":{"@id":"https:\/\/flooringconsultancy.se\/foretagstjanster\/#primaryimage"},"thumbnailUrl":"https:\/\/flooringconsultancy.se\/wp-content\/uploads\/2020\/04\/167-scaled-e1588052619305.jpg","datePublished":"2018-02-12T13:48:01+00:00","dateModified":"2021-05-21T05:11:47+00:00","description":"Peter Lindstr\u00f6m, konsult f\u00f6r allt inom Golvteknik och golvbesiktning \u00f6ver hela Norden","breadcrumb":{"@id":"https:\/\/flooringconsultancy.se\/foretagstjanster\/#breadcrumb"},"inLanguage":"sv-SE","potentialAction":[{"@type":"ReadAction","target":["https:\/\/flooringconsultancy.se\/foretagstjanster\/"]}]},{"@type":"ImageObject","inLanguage":"sv-SE","@id":"https:\/\/flooringconsultancy.se\/foretagstjanster\/#primaryimage","url":"https:\/\/flooringconsultancy.se\/wp-content\/uploads\/2020\/04\/167-scaled-e1588052619305.jpg","contentUrl":"https:\/\/flooringconsultancy.se\/wp-content\/uploads\/2020\/04\/167-scaled-e1588052619305.jpg"},{"@type":"BreadcrumbList","@id":"https:\/\/flooringconsultancy.se\/foretagstjanster\/#breadcrumb","itemListElement":[{"@type":"ListItem","position":1,"name":"Hem","item":"https:\/\/flooringconsultancy.se\/"},{"@type":"ListItem","position":2,"name":"F\u00f6retagskund"}]},{"@type":"WebSite","@id":"https:\/\/flooringconsultancy.se\/#website","url":"https:\/\/flooringconsultancy.se\/","name":"Flooring Consultancy Scandinavia AB","description":"Peter Lindstr\u00f6m, konsult f\u00f6r allt inom Golvteknik och golvbesiktning \u00f6ver hela Norden","publisher":{"@id":"https:\/\/flooringconsultancy.se\/#organization"},"potentialAction":[{"@type":"SearchAction","target":{"@type":"EntryPoint","urlTemplate":"https:\/\/flooringconsultancy.se\/?s={search_term_string}"},"query-input":{"@type":"PropertyValueSpecification","valueRequired":true,"valueName":"search_term_string"}}],"inLanguage":"sv-SE"},{"@type":"Organization","@id":"https:\/\/flooringconsultancy.se\/#organization","name":"Flooring Consultancy Scandinavia AB","url":"https:\/\/flooringconsultancy.se\/","logo":{"@type":"ImageObject","inLanguage":"sv-SE","@id":"https:\/\/flooringconsultancy.se\/#\/schema\/logo\/image\/","url":"https:\/\/flooringconsultancy.se\/wp-content\/uploads\/2020\/04\/Flooring-Consultancy_72-dpi.png","contentUrl":"https:\/\/flooringconsultancy.se\/wp-content\/uploads\/2020\/04\/Flooring-Consultancy_72-dpi.png","width":401,"height":209,"caption":"Flooring Consultancy Scandinavia AB"},"image":{"@id":"https:\/\/flooringconsultancy.se\/#\/schema\/logo\/image\/"}}]}},"_links":{"self":[{"href":"https:\/\/flooringconsultancy.se\/sv\/wp-json\/wp\/v2\/pages\/22","targetHints":{"allow":["GET"]}}],"collection":[{"href":"https:\/\/flooringconsultancy.se\/sv\/wp-json\/wp\/v2\/pages"}],"about":[{"href":"https:\/\/flooringconsultancy.se\/sv\/wp-json\/wp\/v2\/types\/page"}],"author":[{"embeddable":true,"href":"https:\/\/flooringconsultancy.se\/sv\/wp-json\/wp\/v2\/users\/1"}],"replies":[{"embeddable":true,"href":"https:\/\/flooringconsultancy.se\/sv\/wp-json\/wp\/v2\/comments?post=22"}],"version-history":[{"count":31,"href":"https:\/\/flooringconsultancy.se\/sv\/wp-json\/wp\/v2\/pages\/22\/revisions"}],"predecessor-version":[{"id":1767,"href":"https:\/\/flooringconsultancy.se\/sv\/wp-json\/wp\/v2\/pages\/22\/revisions\/1767"}],"wp:attachment":[{"href":"https:\/\/flooringconsultancy.se\/sv\/wp-json\/wp\/v2\/media?parent=22"}],"curies":[{"name":"wp","href":"https:\/\/api.w.org\/{rel}","templated":true}]}}